{"id":9,"date":"2017-11-03T12:22:31","date_gmt":"2017-11-03T10:22:31","guid":{"rendered":"http:\/\/scimaniu.ro\/?page_id=9"},"modified":"2022-09-28T22:10:59","modified_gmt":"2022-09-28T19:10:59","slug":"home","status":"publish","type":"page","link":"https:\/\/scimaniu.ro\/","title":{"rendered":"ACASA"},"content":{"rendered":"<div class=\"panel-grid\" id=\"pg-9-0\" ><div class=\"panel-grid-cell\" id=\"pgc-9-0-0\" ><div class=\"panel widget widget_sow-editor panel-first-child panel-last-child\" id=\"panel-9-0-0-0\"><div\n\t\t\t\n\t\t\tclass=\"so-widget-sow-editor so-widget-sow-editor-base\"\n\t\t\t\n\t\t>\n<div class=\"siteorigin-widget-tinymce textwidget\">\n\t<p><em><strong>\u015ecoala Gimnazial\u0103 Iuliu Maniu<\/strong><\/em> este o unitate cu personalitate juridic\u0103, av\u00e2nd \u00een componen\u0163\u0103 at\u00e2t clase de \u00eenv\u0103\u0163\u0103m\u00e2nt primar tradi\u0163ional cu program de 4 ore pe zi c\u00e2t \u015fi alternativa educational\u0103 <em><strong>Step by Step<\/strong><\/em>, cu program de 8 ore pe zi, coordonat de 2 \u00eenv\u0103\u021b\u0103toare a c\u0103ror plat\u0103 este asigurat\u0103 de la buget. \u00cen \u0219coal\u0103 \u00eenva\u021b\u0103 de asemenea elevii din \u00eenv\u0103\u021b\u0103m\u00e2ntul gimnazial \u0219i cei \u00eenscri\u0219i la programul educa\u021bional <em><strong>A doua \u0219ans\u0103.<\/strong><\/em><\/p>\n<p>Elevii no\u0219tri beneficiaz\u0103 de resurse materiale \u00een continu\u0103 modernizare dar \u0219i de sprijinul resurselor umane care lucreaz\u0103 \u00een \u0219coal\u0103, ceea ce favorizeaz\u0103 o cre\u0219tere constant\u0103 a calit\u0103\u021bii procesului instructiv educativ.<\/p>\n<\/div>\n<\/div><\/div><\/div><div class=\"panel-grid-cell\" id=\"pgc-9-0-1\" ><div class=\"panel widget widget_sow-image panel-first-child panel-last-child\" id=\"panel-9-0-1-0\"><div\n\t\t\t\n\t\t\tclass=\"so-widget-sow-image so-widget-sow-image-default-a258e6bfa2d8\"\n\t\t\t\n\t\t>\n\n<div class=\"sow-image-container\">\n\t\t<img loading=\"lazy\" decoding=\"async\" src=\"https:\/\/scimaniu.ro\/wp-content\/uploads\/2022\/09\/SCOALA-OK.jpeg\" width=\"768\" height=\"1024\" srcset=\"https:\/\/scimaniu.ro\/wp-content\/uploads\/2022\/09\/SCOALA-OK.jpeg 768w, https:\/\/scimaniu.ro\/wp-content\/uploads\/2022\/09\/SCOALA-OK-225x300.jpeg 225w\" sizes=\"(max-width: 768px) 100vw, 768px\" title=\"SCOALA OK\" alt=\"\" \t\tclass=\"so-widget-image\"\/>\n\t<\/div>\n\n<\/div><\/div><\/div><\/div><div class=\"panel-grid\" id=\"pg-9-1\" ><div class=\"panel-grid-cell\" id=\"pgc-9-1-0\" ><div class=\"panel widget widget_sow-editor panel-first-child panel-last-child\" id=\"panel-9-1-0-0\"><div\n\t\t\t\n\t\t\tclass=\"so-widget-sow-editor so-widget-sow-editor-base\"\n\t\t\t\n\t\t>\n<div class=\"siteorigin-widget-tinymce textwidget\">\n\t<p>\u00cen ultimii ani, dinamica \u0219colii noastre a fost ascendent\u0103. Astfel, resursele materiale existente \u00een unitatea noastr\u0103 r\u0103spund cerin\u0163elor \u00eenv\u0163\u0103m\u00e2ntului modern, european. S\u0103lile de clas\u0103 sunt amenajate cu mobilier modular iar clasele de la ciclul primar sunt dotate cu aparatur\u0103 modern\u0103, laptop-uri conectate la internet, imprimante \u0219i videoproiectoare.<\/p>\n<p>Elevii \u00eenva\u0163\u0103 \u00een s\u0103li de clas\u0103 modernizate, dintre care un cabinet de informatic\u0103 cu 20 calculatoare, o sal\u0103 multifunc\u021bional\u0103, un cabinet de consiliere \u0219colar\u0103, un cabinet de logopedie \u015fi o sal\u0103 de sport.<\/p>\n<p>\u015ecoala dispune totodat\u0103 de un cabinet stomatologic, unic la nivel de primar si gimnazial \u00een ora\u0219, un cabinet medical autorizat \u0219i de o bibliotec\u0103.De asemenea, pentru siguran\u0163a elevilor \u015fi a bunurilor exist\u0103 camere de supraveghere pe toate coridoarele \u015fi \u00een curtea \u0219colii. Colaborarea cu institu\u0163iile principale ale judetului se reg\u0103se\u015fte \u00een cofinan\u0163\u0103rile ob\u0163inute pentru construc\u0163ia \u015fi dotarea material\u0103 a \u015fcolii. Mai mult dec\u00e2t at\u00e2t, sunt \u00een curs de realizare \u015fi alte programe de finan\u0163are prin care unitatea noastr\u0103 \u00ee\u015fi propune s\u0103 devin\u0103 una de referin\u0163\u0103 a municipiului.<\/p>\n<p>Prima condi\u0163ie a dezvolt\u0103rii unei \u015fcoli, este formarea unei culturi institu\u0163ionale puternice, cu simboluri, tradi\u0163ii, reprezent\u0103ri, elemente de identitate vizual\u0103, sentimente de apartenen\u0163\u0103 \u015fi pozi\u0163ionarea ei \u00eentre institu\u0163ii similare din ora\u015f printr-o imagine bun\u0103, prin rezultate la \u00eenv\u0103\u0163\u0103tur\u0103 \u015fi disciplin\u0103 constant positive.<\/p>\n<p>Suntem con\u0219tien\u021bi de faptul c\u0103 noile tehnologii vor reforma at\u00e2t suporturile de \u00eenv\u0103\u021bare, c\u00e2t \u0219i mecanismele bazale de accesare de ordin psihologic. Noi \u00een\u0219ine suntem un sus\u021bin\u0103tor \u0219i un beneficiar al acestor \u00eennoiri. Vom asista, \u00een vremurile ce vin, cu siguran\u021b\u0103, la<br \/>\no \u201ecotitur\u0103 antropologic\u0103\u201d, din acest punct de vedere. Schimbarea va fi mare, de anvergur\u0103, dar trebuie \u00eent\u00e2mpinat\u0103 \u2013 chiar provocat\u0103 \u2013 printr-o preg\u0103tire pe m\u0103sur\u0103!<\/p>\n<p>Procesul de \u00eenv\u0103\u021bare al \u0219colii noastre este caracterizat prin d\u0103ruire, angajament, copiii sunt veseli, profesorii colaboreaz\u0103 \u00een permanen\u021b\u0103 pentru a g\u0103si noi solu\u021bii \u0219i metode de a se conecta la elevii lor \u0219i de a crea un ambient educa\u021bional c\u00e2t mai pl\u0103cut, \u00eenv\u0103\u021barea este activ\u0103 iar tehnologia este introdus\u0103 ca o unealt\u0103 de baz\u0103 a \u00eenv\u0103\u021b\u0103rii, av\u00e2nd un impact semnificativ la clas\u0103.<\/p>\n<p>Scopul nostru este s\u0103 \u00eei preg\u0103tim pe copii pentru via\u0163\u0103, ceea ce presupune \u015fi s\u0103 \u00eei \u00eenv\u0103\u0163am s\u0103 \u00eenve\u0163e, s\u0103 \u00ee\u015fi asume alegerile, s\u0103 lucreze independent \u015fi \u00eenv\u0103\u0163\u00e2nd, s\u0103 devin\u0103 responsabili, preg\u0103tindu-se de fapt pentru viitor.<\/p>\n<p><em><strong>In viziunea dasc\u0103lilor \u0219colii noastre, pe primul loc este a\u0219ezat\u0103 formarea plenar\u0103 a copiilor, \u00eenv\u0103\u021b\u00e2nd s\u0103 priveasc\u0103 senin via\u021ba, oamenii s\u0103 z\u00e2mbeasc\u0103, s\u0103 coloreze cu veselie drumul pe care merg, s\u0103 d\u0103ruiasc\u0103, s\u0103 primeasc\u0103, s\u0103 \u00ee\u0219i deschid\u0103 inima \u0219i s\u0103 \u00eenfloreasc\u0103, chiar dac\u0103 nu \u0219tiu \u00eentotdeauna c\u00e2t \u0219i p\u00e2n\u0103 c\u00e2nd, s\u0103 se \u00eenal\u021be din ei \u00een\u0219i\u0219i, s\u0103 \u00eenve\u021be s\u0103 lase amintiri vii pe unde trec \u0219i astfel, s\u0103 nu dispar\u0103 nicic\u00e2nd.<\/strong><\/em><\/p>\n<\/div>\n<\/div><\/div><\/div><\/div>","protected":false},"excerpt":{"rendered":"<p>\u015ecoala Gimnazial\u0103 Iuliu Maniu este o unitate cu personalitate juridic\u0103, av\u00e2nd \u00een componen\u0163\u0103 at\u00e2t clase de \u00eenv\u0103\u0163\u0103m\u00e2nt primar tradi\u0163ional cu program de 4 ore pe zi c\u00e2t \u015fi alternativa educational\u0103 Step by Step, cu program de 8 ore pe zi,&#8230;<br \/><a class=\"read-more-button\" href=\"https:\/\/scimaniu.ro\/\">Read more<\/a><\/p>\n","protected":false},"author":1,"featured_media":0,"parent":0,"menu_order":0,"comment_status":"closed","ping_status":"closed","template":"template-without-sharing.php","meta":{"footnotes":""},"_links":{"self":[{"href":"https:\/\/scimaniu.ro\/index.php\/wp-json\/wp\/v2\/pages\/9"}],"collection":[{"href":"https:\/\/scimaniu.ro\/index.php\/wp-json\/wp\/v2\/pages"}],"about":[{"href":"https:\/\/scimaniu.ro\/index.php\/wp-json\/wp\/v2\/types\/page"}],"author":[{"embeddable":true,"href":"https:\/\/scimaniu.ro\/index.php\/wp-json\/wp\/v2\/users\/1"}],"replies":[{"embeddable":true,"href":"https:\/\/scimaniu.ro\/index.php\/wp-json\/wp\/v2\/comments?post=9"}],"version-history":[{"count":46,"href":"https:\/\/scimaniu.ro\/index.php\/wp-json\/wp\/v2\/pages\/9\/revisions"}],"predecessor-version":[{"id":1377,"href":"https:\/\/scimaniu.ro\/index.php\/wp-json\/wp\/v2\/pages\/9\/revisions\/1377"}],"wp:attachment":[{"href":"https:\/\/scimaniu.ro\/index.php\/wp-json\/wp\/v2\/media?parent=9"}],"curies":[{"name":"wp","href":"https:\/\/api.w.org\/{rel}","templated":true}]}}