{"id":61,"date":"2017-11-06T14:33:13","date_gmt":"2017-11-06T12:33:13","guid":{"rendered":"http:\/\/scimaniu.ro\/?page_id=61"},"modified":"2017-11-21T11:10:09","modified_gmt":"2017-11-21T09:10:09","slug":"tinte-strategice","status":"publish","type":"page","link":"https:\/\/scimaniu.ro\/index.php\/tinte-strategice\/","title":{"rendered":"TINTE STRATEGICE"},"content":{"rendered":"<div class=\"panel-grid\" id=\"pg-61-0\" ><div class=\"panel-grid-cell\" id=\"pgc-61-0-0\" ><div class=\"panel widget widget_sow-editor panel-first-child panel-last-child\" id=\"panel-61-0-0-0\"><div\n\t\t\t\n\t\t\tclass=\"so-widget-sow-editor so-widget-sow-editor-base\"\n\t\t\t\n\t\t>\n<div class=\"siteorigin-widget-tinymce textwidget\">\n\t<p>La nivel strategic, caracterul problemelor care stau la baza formul\u0103rii \u021bintelor \u0219i complexitatea rela\u021biilor dintre domeniile func\u021bionale determin\u0103 o abordare prin ac\u021biuni complementare \u00een cadrul celor patru op\u021biuni strategice de baz\u0103. Astfel, pentru diminuarea sau \u00eenl\u0103turarea punctelor slabe men\u021bionate, au fost formulate urmatoarele \u021binte strategice:<br \/>\n<strong>T1. Reconsiderarea \u00een vederea promov\u0103rii unui management \u0219i leadership de calitate, eficient, implicat at\u00e2t la nivelul organiza\u021biei c\u00e2t \u0219i al clasei care s\u0103 permit\u0103 cre\u0219terea responsabilit\u0103\u021bii, valorizarea specificului \u0219colii \u0219i consolidarea coeziunii de grup.<\/strong><br \/>\n<strong>T2. Optimizarea calit\u0103\u021bii procesului instructiv-educativ prin formarea \u0219i perfec\u021bionarea continu\u0103 a personalului didactic \u00een vederea cre\u0219terii motiva\u021biei, performan\u021bei individuale \u0219i implicit \u00een r\u00e2ndul beneficiarilor primari \u0219i secundari ai educa\u021biei.<\/strong><br \/>\n<strong>T3. Revizuirea ofertei CD\u0218-urilor \u0219i CDL-urilor(ADS) \u00een concordan\u021b\u0103 cu nevoile beneficiarilor direc\u021bi \u0219i indirec\u021bi \u0219i care s\u0103 permit\u0103 \u00een acela\u0219i timp dezvoltarea competen\u021belor cheie (lingvsitice, digitale, antreprenoriale), orientarea \u0219colar\u0103 \u0219i inser\u021bia profesional\u0103 a absolven\u021bilor.<\/strong><br \/>\n<strong>T4. Reducerea absenteismului, prevenirea abandonului \u0219colar \u0219i a e\u0219ecului \u0219colar, asigurarea unei educa\u021bii incluzive pentru elevii cu CES, prin implicarea p\u0103rin\u021bilor ca o entitate distinctit\u0103, partener cu personalitate juridic\u0103 \u00een luarea deciziilor, derularea activit\u0103\u021bilor de proiect din \u0219coal\u0103 \u0219i sprijinirea procesului instructiv-educativ.<\/strong><br \/>\n<strong>T5. Garantarea unui mediu educa\u021bional s\u0103n\u0103tos, armonios \u0219i a unor resurse materiale moderne, securizante care s\u0103 favorizeze dezvoltarea individual\u0103 \u0219i colectiv\u0103 \u00een conformitate cu standardele na\u021bionale \u0219i europene, prin proiecte de parteneriat cu comunitatea local\u0103 \u0219i agen\u021bi economici.<\/strong><br \/>\n<strong>T6. Crearea unui etos propriu \u00een plan local, regional, na\u021bional \u0219i european prin dezvoltarea dimensiunii europene a \u015fcolii \u0219i derularea de proiecte care s\u0103 promoveze interculturalitatea, valori culturale tradi\u021bionale, valori ale unei cet\u0103\u021benii europene, \u00een vederea promov\u0103rii imaginii \u0219colii \u00een comunitate.<\/strong><\/p>\n<\/div>\n<\/div><\/div><\/div><\/div>","protected":false},"excerpt":{"rendered":"<p>La nivel strategic, caracterul problemelor care stau la baza formul\u0103rii \u021bintelor \u0219i complexitatea rela\u021biilor dintre domeniile func\u021bionale determin\u0103 o abordare prin ac\u021biuni complementare \u00een cadrul celor patru op\u021biuni strategice de baz\u0103. Astfel, pentru diminuarea sau \u00eenl\u0103turarea punctelor slabe men\u021bionate, au&#8230;<br \/><a class=\"read-more-button\" href=\"https:\/\/scimaniu.ro\/index.php\/tinte-strategice\/\">Read more<\/a><\/p>\n","protected":false},"author":1,"featured_media":547,"parent":0,"menu_order":0,"comment_status":"closed","ping_status":"closed","template":"template-without-sharing.php","meta":{"footnotes":""},"_links":{"self":[{"href":"https:\/\/scimaniu.ro\/index.php\/wp-json\/wp\/v2\/pages\/61"}],"collection":[{"href":"https:\/\/scimaniu.ro\/index.php\/wp-json\/wp\/v2\/pages"}],"about":[{"href":"https:\/\/scimaniu.ro\/index.php\/wp-json\/wp\/v2\/types\/page"}],"author":[{"embeddable":true,"href":"https:\/\/scimaniu.ro\/index.php\/wp-json\/wp\/v2\/users\/1"}],"replies":[{"embeddable":true,"href":"https:\/\/scimaniu.ro\/index.php\/wp-json\/wp\/v2\/comments?post=61"}],"version-history":[{"count":10,"href":"https:\/\/scimaniu.ro\/index.php\/wp-json\/wp\/v2\/pages\/61\/revisions"}],"predecessor-version":[{"id":546,"href":"https:\/\/scimaniu.ro\/index.php\/wp-json\/wp\/v2\/pages\/61\/revisions\/546"}],"wp:featuredmedia":[{"embeddable":true,"href":"https:\/\/scimaniu.ro\/index.php\/wp-json\/wp\/v2\/media\/547"}],"wp:attachment":[{"href":"https:\/\/scimaniu.ro\/index.php\/wp-json\/wp\/v2\/media?parent=61"}],"curies":[{"name":"wp","href":"https:\/\/api.w.org\/{rel}","templated":true}]}}