{"id":60,"date":"2017-11-06T14:33:13","date_gmt":"2017-11-06T12:33:13","guid":{"rendered":"http:\/\/scimaniu.ro\/?page_id=60"},"modified":"2017-11-09T12:30:55","modified_gmt":"2017-11-09T10:30:55","slug":"misiunea","status":"publish","type":"page","link":"https:\/\/scimaniu.ro\/index.php\/misiunea\/","title":{"rendered":"MISIUNEA"},"content":{"rendered":"<div class=\"panel-grid\" id=\"pg-60-0\" ><div class=\"panel-grid-cell\" id=\"pgc-60-0-0\" ><div class=\"panel widget widget_sow-editor panel-first-child panel-last-child\" id=\"panel-60-0-0-0\"><div\n\t\t\t\n\t\t\tclass=\"so-widget-sow-editor so-widget-sow-editor-base\"\n\t\t\t\n\t\t>\n<div class=\"siteorigin-widget-tinymce textwidget\">\n\t<h3><strong>MISIUNEA \u0218COLII<\/strong><\/h3>\n<p>\u0218coala \u201dIuliu Maniu\u201d \u00ee\u0219i dore\u0219te o cre\u0219tere a calit\u0103\u021bii educa\u021biei prin optimizarea procesului instructiv-educativ, \u00eembun\u0103t\u0103\u021birea performan\u021belor individuale, de grup \u0219i organiza\u021bionale dar \u0219i prin cunoa\u0219terea unor tradi\u021bii na\u021bionale \u0219i valori europene \u00een r\u00e2ndul elevilor, profesorilor \u0219i p\u0103rin\u021bilor, bazate pe\u00a0<strong><em>toleran\u021b\u0103, diversitate, multiculturalitate, plurilingvism, motiva\u021bie, creativitate, cooperare, respect, egalitate de \u0219anse \u0219i educa\u021bie incluziv\u0103, indiferent de etnie, religie sau mediu social.<\/em><\/strong><\/p>\n<p><strong>Direc\u0163ii de ac\u0163iune \u015fi priorit\u0103\u0163i :<\/strong><\/p>\n<ul>\n<li>Asigurarea calit\u0103\u0163ii proceselor educa\u0163ionale;<\/li>\n<li>Asigurarea calit\u0103\u0163ii \u00een educa\u0163ie prin aplicarea reformei curriculare, pe criterii de performan\u0163\u0103;<\/li>\n<li>Asigurarea unui sistem educa\u0163ional stabil, echitabil \u015fi relevant;<\/li>\n<li>Asigurarea form\u0103rii \u015fi dezvolt\u0103rii resurselor umane;<\/li>\n<li>Asigurarea parteneriatului comunitar \u015fi interna\u0163ional la standarde europene.<\/li>\n<\/ul>\n<\/div>\n<\/div><\/div><\/div><\/div><div class=\"panel-grid\" id=\"pg-60-1\" ><div class=\"panel-grid-cell\" id=\"pgc-60-1-0\" ><div class=\"panel widget widget_sow-image panel-first-child panel-last-child\" id=\"panel-60-1-0-0\"><div\n\t\t\t\n\t\t\tclass=\"so-widget-sow-image so-widget-sow-image-default-c67d20f9f743\"\n\t\t\t\n\t\t>\n\n<div class=\"sow-image-container\">\n\t\t<img loading=\"lazy\" decoding=\"async\" src=\"https:\/\/scimaniu.ro\/wp-content\/uploads\/2017\/11\/Scoala_Gimnaziala_Iuliu_Maniu_Zalau.jpg\" width=\"222\" height=\"356\" sizes=\"(max-width: 222px) 100vw, 222px\" alt=\"\" \t\tclass=\"so-widget-image\"\/>\n\t<\/div>\n\n<\/div><\/div><\/div><div class=\"panel-grid-cell\" id=\"pgc-60-1-1\" ><div class=\"panel widget widget_sow-editor panel-first-child panel-last-child\" id=\"panel-60-1-1-0\"><div\n\t\t\t\n\t\t\tclass=\"so-widget-sow-editor so-widget-sow-editor-base\"\n\t\t\t\n\t\t>\n<div class=\"siteorigin-widget-tinymce textwidget\">\n\t<h2><strong><span style=\"color: #e74c3d;\">I<\/span> - INOVA\u021aIE<\/strong><\/h2>\n<h2><strong><span style=\"color: #e74c3d;\">U<\/span> - UNITATE<\/strong><\/h2>\n<h2><strong><span style=\"color: #e74c3d;\">L<\/span> - LOIALITATE<\/strong><\/h2>\n<h2><strong><span style=\"color: #e74c3d;\">I<\/span> - IUBIRE<\/strong><\/h2>\n<h2><strong><span style=\"color: #e74c3d;\">U<\/span> - UMANISM<\/strong><\/h2>\n<\/div>\n<\/div><\/div><\/div><div class=\"panel-grid-cell\" id=\"pgc-60-1-2\" ><div class=\"panel widget widget_sow-editor panel-first-child panel-last-child\" id=\"panel-60-1-2-0\"><div\n\t\t\t\n\t\t\tclass=\"so-widget-sow-editor so-widget-sow-editor-base\"\n\t\t\t\n\t\t>\n<div class=\"siteorigin-widget-tinymce textwidget\">\n\t<h2><strong><span style=\"color:#E74C3D;\">M<\/span> - MOTIVA\u021aIE<\/strong><\/h2>\n<h2><strong><span style=\"color:#E74C3D;\">A<\/span> - ARMONIE<\/strong><\/h2>\n<h2><strong><span style=\"color:#E74C3D;\">N<\/span> - NOBLE\u021aE<\/strong><\/h2>\n<h2><strong><span style=\"color:#E74C3D;\">I<\/span> - INI\u021aIATIV\u0102<\/strong><\/h2>\n<h2><strong><span style=\"color:#E74C3D;\">U<\/span> - UTILITATE<\/strong><\/h2>\n<\/div>\n<\/div><\/div><\/div><\/div>","protected":false},"excerpt":{"rendered":"<p>MISIUNEA \u0218COLII \u0218coala \u201dIuliu Maniu\u201d \u00ee\u0219i dore\u0219te o cre\u0219tere a calit\u0103\u021bii educa\u021biei prin optimizarea procesului instructiv-educativ, \u00eembun\u0103t\u0103\u021birea performan\u021belor individuale, de grup \u0219i organiza\u021bionale dar \u0219i prin cunoa\u0219terea unor tradi\u021bii na\u021bionale \u0219i valori europene \u00een r\u00e2ndul elevilor, profesorilor \u0219i p\u0103rin\u021bilor, bazate&#8230;<br \/><a class=\"read-more-button\" href=\"https:\/\/scimaniu.ro\/index.php\/misiunea\/\">Read more<\/a><\/p>\n","protected":false},"author":1,"featured_media":0,"parent":0,"menu_order":0,"comment_status":"closed","ping_status":"closed","template":"template-without-sharing.php","meta":{"footnotes":""},"_links":{"self":[{"href":"https:\/\/scimaniu.ro\/index.php\/wp-json\/wp\/v2\/pages\/60"}],"collection":[{"href":"https:\/\/scimaniu.ro\/index.php\/wp-json\/wp\/v2\/pages"}],"about":[{"href":"https:\/\/scimaniu.ro\/index.php\/wp-json\/wp\/v2\/types\/page"}],"author":[{"embeddable":true,"href":"https:\/\/scimaniu.ro\/index.php\/wp-json\/wp\/v2\/users\/1"}],"replies":[{"embeddable":true,"href":"https:\/\/scimaniu.ro\/index.php\/wp-json\/wp\/v2\/comments?post=60"}],"version-history":[{"count":10,"href":"https:\/\/scimaniu.ro\/index.php\/wp-json\/wp\/v2\/pages\/60\/revisions"}],"predecessor-version":[{"id":354,"href":"https:\/\/scimaniu.ro\/index.php\/wp-json\/wp\/v2\/pages\/60\/revisions\/354"}],"wp:attachment":[{"href":"https:\/\/scimaniu.ro\/index.php\/wp-json\/wp\/v2\/media?parent=60"}],"curies":[{"name":"wp","href":"https:\/\/api.w.org\/{rel}","templated":true}]}}