{"id":58,"date":"2017-11-06T14:33:13","date_gmt":"2017-11-06T12:33:13","guid":{"rendered":"http:\/\/scimaniu.ro\/?page_id=58"},"modified":"2017-11-21T11:15:00","modified_gmt":"2017-11-21T09:15:00","slug":"viziunea","status":"publish","type":"page","link":"https:\/\/scimaniu.ro\/index.php\/viziunea\/","title":{"rendered":"VIZIUNEA"},"content":{"rendered":"<div class=\"panel-grid\" id=\"pg-58-0\" ><div class=\"panel-grid-cell\" id=\"pgc-58-0-0\" ><div class=\"panel widget widget_sow-editor panel-first-child panel-last-child\" id=\"panel-58-0-0-0\"><div\n\t\t\t\n\t\t\tclass=\"so-widget-sow-editor so-widget-sow-editor-base\"\n\t\t\t\n\t\t>\n<div class=\"siteorigin-widget-tinymce textwidget\">\n\t<h3><strong>\"Ce dorim s\u0103 devenim?\"<\/strong><\/h3>\n<p>\u0218coala Gimnazial\u0103 \u201dIuliu Maniu\u201d este o \u0219coal\u0103 pentru to\u021bi care promoveaz\u0103 dezvoltarea armonioas\u0103 a personalit\u0103\u021bii elevilor, p\u0103rin\u021bilor \u0219i cadrelor didactice prin stimularea capacit\u0103\u021bilor intelectuale, abilit\u0103\u021bilor \u0219i competen\u021belor individuale \u0219i colective \u00eentr-un mediu educa\u021bional bazat pe valori locale, na\u021bionale \u0219i europene, \u00een spiritul devenirii unor cet\u0103\u021beni activi capabili s\u0103 se integreze \u00een \u00eenv\u0103\u021b\u0103m\u00e2ntul liceal, \u00een via\u021ba comunit\u0103\u021bii \u0219i pe pia\u021ba muncii, f\u0103c\u00e2nd parte dintr-o societate democratic\u0103 european\u0103.<\/p>\n<p><strong>Acest deziderat se va realiza prin:\u00a0<\/strong><\/p>\n<ul>\n<li>construirea \u015fi promovarea imaginii \u015fcolii \u00een contextul climatului de descentralizare \u015fi autonomie institu\u0163ional\u0103;<\/li>\n<li>reconsiderarea managementului la nivelul \u015fcolii \u00een perspectiva egaliz\u0103rii \u015fanselor precum \u015fi \u00eembun\u0103t\u0103\u0163irea calit\u0103\u0163ii acestuia prin implicarea cadrelor didactice \u00een luarea deciziilor \u015fi \u00eendeplinirea lor;<\/li>\n<li>asigurarea pentru fiecare elev din \u015fcoala a accesului la calculator, navigare pe Internet;<\/li>\n<li>crearea unui climat de siguran\u0163\u0103 fizic\u0103 \u015fi libertate spiritual\u0103 pentru to\u0163i elevii;<\/li>\n<li>curriculum la decizia \u015fcolii diversificat \u015fi atractiv, realizat prin consultarea elevilor \u015fi p\u0103rin\u0163ilor \u015fi cuprinderea fiec\u0103rui elev \u00eentr-o form\u0103 de educa\u0163ie extracurricular\u0103;<\/li>\n<li>\u00eencadrarea de personal didactic calificat cu o \u00eenalt\u0103 preg\u0103tire \u015ftiin\u0163ific\u0103 \u015fi metodic\u0103, receptiv la nou \u015fi interesat de perfec\u0163ionare \u015fi formare continu\u0103;<\/li>\n<li>prevenirea e\u015fecului \u015fcolar, abandonului scolar \u015fi includerea tuturor elevilor( inclusiv a celor cu CES) \u00eentr-o form\u0103 superioar\u0103 de \u015fcolarizare;<\/li>\n<li>cre\u015fterea performan\u0163ei \u015fcolare prin \u00eembun\u0103t\u0103\u021birea rezultatelor la examenele de Evaluare Na\u021bional\u0103 dar \u0219i prin participarea la Olimpiade \u0219colare \u0219i concursuri \u0219colare \u0219i extra\u0219colare;<\/li>\n<li>gestionarea, \u00eentre\u0163inerea \u015fi men\u0163inerea func\u0163ionalit\u0103\u0163ii patrimonului \u015fcolii.<\/li>\n<\/ul>\n<\/div>\n<\/div><\/div><\/div><\/div>","protected":false},"excerpt":{"rendered":"<p>&#8220;Ce dorim s\u0103 devenim?&#8221; \u0218coala Gimnazial\u0103 \u201dIuliu Maniu\u201d este o \u0219coal\u0103 pentru to\u021bi care promoveaz\u0103 dezvoltarea armonioas\u0103 a personalit\u0103\u021bii elevilor, p\u0103rin\u021bilor \u0219i cadrelor didactice prin stimularea capacit\u0103\u021bilor intelectuale, abilit\u0103\u021bilor \u0219i competen\u021belor individuale \u0219i colective \u00eentr-un mediu educa\u021bional bazat pe valori&#8230;<br \/><a class=\"read-more-button\" href=\"https:\/\/scimaniu.ro\/index.php\/viziunea\/\">Read more<\/a><\/p>\n","protected":false},"author":1,"featured_media":548,"parent":0,"menu_order":0,"comment_status":"closed","ping_status":"closed","template":"template-without-sharing.php","meta":{"footnotes":""},"_links":{"self":[{"href":"https:\/\/scimaniu.ro\/index.php\/wp-json\/wp\/v2\/pages\/58"}],"collection":[{"href":"https:\/\/scimaniu.ro\/index.php\/wp-json\/wp\/v2\/pages"}],"about":[{"href":"https:\/\/scimaniu.ro\/index.php\/wp-json\/wp\/v2\/types\/page"}],"author":[{"embeddable":true,"href":"https:\/\/scimaniu.ro\/index.php\/wp-json\/wp\/v2\/users\/1"}],"replies":[{"embeddable":true,"href":"https:\/\/scimaniu.ro\/index.php\/wp-json\/wp\/v2\/comments?post=58"}],"version-history":[{"count":2,"href":"https:\/\/scimaniu.ro\/index.php\/wp-json\/wp\/v2\/pages\/58\/revisions"}],"predecessor-version":[{"id":344,"href":"https:\/\/scimaniu.ro\/index.php\/wp-json\/wp\/v2\/pages\/58\/revisions\/344"}],"wp:featuredmedia":[{"embeddable":true,"href":"https:\/\/scimaniu.ro\/index.php\/wp-json\/wp\/v2\/media\/548"}],"wp:attachment":[{"href":"https:\/\/scimaniu.ro\/index.php\/wp-json\/wp\/v2\/media?parent=58"}],"curies":[{"name":"wp","href":"https:\/\/api.w.org\/{rel}","templated":true}]}}