{"id":360,"date":"2017-11-09T13:27:31","date_gmt":"2017-11-09T11:27:31","guid":{"rendered":"http:\/\/scimaniu.ro\/?page_id=360"},"modified":"2024-04-03T00:05:20","modified_gmt":"2024-04-02T21:05:20","slug":"dotari","status":"publish","type":"page","link":"https:\/\/scimaniu.ro\/index.php\/dotari\/","title":{"rendered":"DOTARI"},"content":{"rendered":"<div class=\"panel-grid\" id=\"pg-360-0\" ><div class=\"panel-grid-cell\" id=\"pgc-360-0-0\" ><div class=\"panel widget widget_sow-image panel-first-child\" id=\"panel-360-0-0-0\"><div\n\t\t\t\n\t\t\tclass=\"so-widget-sow-image so-widget-sow-image-default-a258e6bfa2d8\"\n\t\t\t\n\t\t>\n<h3 class=\"widget-title\">S\u0103li de clas\u0103<\/h3>\n<div class=\"sow-image-container\">\n\t\t<img loading=\"lazy\" decoding=\"async\" src=\"https:\/\/scimaniu.ro\/wp-content\/uploads\/2024\/04\/sala-daniela.jpeg\" width=\"720\" height=\"1600\" srcset=\"https:\/\/scimaniu.ro\/wp-content\/uploads\/2024\/04\/sala-daniela.jpeg 720w, https:\/\/scimaniu.ro\/wp-content\/uploads\/2024\/04\/sala-daniela-135x300.jpeg 135w, https:\/\/scimaniu.ro\/wp-content\/uploads\/2024\/04\/sala-daniela-461x1024.jpeg 461w, https:\/\/scimaniu.ro\/wp-content\/uploads\/2024\/04\/sala-daniela-691x1536.jpeg 691w\" sizes=\"(max-width: 720px) 100vw, 720px\" title=\"S\u0103li de clas\u0103\" alt=\"\" \t\tclass=\"so-widget-image\"\/>\n\t<\/div>\n\n<\/div><\/div><div class=\"panel widget widget_sow-image\" id=\"panel-360-0-0-1\"><div\n\t\t\t\n\t\t\tclass=\"so-widget-sow-image so-widget-sow-image-default-a258e6bfa2d8\"\n\t\t\t\n\t\t>\n<h3 class=\"widget-title\">Biblioteca <\/h3>\n<div class=\"sow-image-container\">\n\t\t<img loading=\"lazy\" decoding=\"async\" src=\"https:\/\/scimaniu.ro\/wp-content\/uploads\/2024\/04\/BIBLIOTECA.jpg\" width=\"2048\" height=\"1536\" srcset=\"https:\/\/scimaniu.ro\/wp-content\/uploads\/2024\/04\/BIBLIOTECA.jpg 2048w, https:\/\/scimaniu.ro\/wp-content\/uploads\/2024\/04\/BIBLIOTECA-300x225.jpg 300w, https:\/\/scimaniu.ro\/wp-content\/uploads\/2024\/04\/BIBLIOTECA-1024x768.jpg 1024w, https:\/\/scimaniu.ro\/wp-content\/uploads\/2024\/04\/BIBLIOTECA-768x576.jpg 768w, https:\/\/scimaniu.ro\/wp-content\/uploads\/2024\/04\/BIBLIOTECA-1536x1152.jpg 1536w, https:\/\/scimaniu.ro\/wp-content\/uploads\/2024\/04\/BIBLIOTECA-1170x878.jpg 1170w, https:\/\/scimaniu.ro\/wp-content\/uploads\/2024\/04\/BIBLIOTECA-175x130.jpg 175w, https:\/\/scimaniu.ro\/wp-content\/uploads\/2024\/04\/BIBLIOTECA-800x600.jpg 800w\" sizes=\"(max-width: 2048px) 100vw, 2048px\" title=\"Biblioteca \" alt=\"\" \t\tclass=\"so-widget-image\"\/>\n\t<\/div>\n\n<\/div><\/div><div class=\"panel widget widget_sow-image panel-last-child\" id=\"panel-360-0-0-2\"><div\n\t\t\t\n\t\t\tclass=\"so-widget-sow-image so-widget-sow-image-default-a258e6bfa2d8\"\n\t\t\t\n\t\t>\n<h3 class=\"widget-title\">Laborator de chimie<\/h3>\n<div class=\"sow-image-container\">\n\t\t<img loading=\"lazy\" decoding=\"async\" src=\"https:\/\/scimaniu.ro\/wp-content\/uploads\/2017\/11\/scoala-gimnaziala-iuliu-maniu-laborator-de-chimie.jpg\" width=\"500\" height=\"375\" sizes=\"(max-width: 500px) 100vw, 500px\" title=\"Laborator de chimie\" alt=\"scoala gimnaziala iuliu maniu - laborator de chimie\" \t\tclass=\"so-widget-image\"\/>\n\t<\/div>\n\n<\/div><\/div><\/div><div class=\"panel-grid-cell\" id=\"pgc-360-0-1\" ><div class=\"panel widget widget_sow-image panel-first-child\" id=\"panel-360-0-1-0\"><div\n\t\t\t\n\t\t\tclass=\"so-widget-sow-image so-widget-sow-image-default-a258e6bfa2d8\"\n\t\t\t\n\t\t>\n<h3 class=\"widget-title\">Laborator TIC<\/h3>\n<div class=\"sow-image-container\">\n\t\t<img loading=\"lazy\" decoding=\"async\" src=\"https:\/\/scimaniu.ro\/wp-content\/uploads\/2021\/03\/TIC2.jpg\" width=\"960\" height=\"720\" srcset=\"https:\/\/scimaniu.ro\/wp-content\/uploads\/2021\/03\/TIC2.jpg 960w, https:\/\/scimaniu.ro\/wp-content\/uploads\/2021\/03\/TIC2-300x225.jpg 300w, https:\/\/scimaniu.ro\/wp-content\/uploads\/2021\/03\/TIC2-768x576.jpg 768w, https:\/\/scimaniu.ro\/wp-content\/uploads\/2021\/03\/TIC2-175x130.jpg 175w, https:\/\/scimaniu.ro\/wp-content\/uploads\/2021\/03\/TIC2-800x600.jpg 800w\" sizes=\"(max-width: 960px) 100vw, 960px\" title=\"Laborator TIC\" alt=\"\" \t\tclass=\"so-widget-image\"\/>\n\t<\/div>\n\n<\/div><\/div><div class=\"panel widget widget_sow-image\" id=\"panel-360-0-1-1\"><div\n\t\t\t\n\t\t\tclass=\"so-widget-sow-image so-widget-sow-image-default-a258e6bfa2d8\"\n\t\t\t\n\t\t>\n<h3 class=\"widget-title\">Sal\u0103 multimedia<\/h3>\n<div class=\"sow-image-container\">\n\t\t<img loading=\"lazy\" decoding=\"async\" src=\"https:\/\/scimaniu.ro\/wp-content\/uploads\/2024\/04\/SALA-FESTIVA.jpg\" width=\"213\" height=\"160\" srcset=\"https:\/\/scimaniu.ro\/wp-content\/uploads\/2024\/04\/SALA-FESTIVA.jpg 213w, https:\/\/scimaniu.ro\/wp-content\/uploads\/2024\/04\/SALA-FESTIVA-175x130.jpg 175w\" sizes=\"(max-width: 213px) 100vw, 213px\" title=\"Sal\u0103 multimedia\" alt=\"\" \t\tclass=\"so-widget-image\"\/>\n\t<\/div>\n\n<\/div><\/div><div class=\"panel widget widget_sow-image panel-last-child\" id=\"panel-360-0-1-2\"><div\n\t\t\t\n\t\t\tclass=\"so-widget-sow-image so-widget-sow-image-default-a258e6bfa2d8\"\n\t\t\t\n\t\t>\n<h3 class=\"widget-title\">Sal\u0103 de mese<\/h3>\n<div class=\"sow-image-container\">\n\t\t<img loading=\"lazy\" decoding=\"async\" src=\"https:\/\/scimaniu.ro\/wp-content\/uploads\/2017\/11\/scoala-gimnaziala-iuliu-maniu-sala-de-mese.jpg\" width=\"500\" height=\"375\" sizes=\"(max-width: 500px) 100vw, 500px\" title=\"Sal\u0103 de mese\" alt=\"scoala gimnaziala iuliu maniu - sala de mese\" \t\tclass=\"so-widget-image\"\/>\n\t<\/div>\n\n<\/div><\/div><\/div><div class=\"panel-grid-cell\" id=\"pgc-360-0-2\" ><div class=\"panel widget widget_sow-image panel-first-child\" id=\"panel-360-0-2-0\"><div\n\t\t\t\n\t\t\tclass=\"so-widget-sow-image so-widget-sow-image-default-a258e6bfa2d8\"\n\t\t\t\n\t\t>\n<h3 class=\"widget-title\">Laborator de biologie<\/h3>\n<div class=\"sow-image-container\">\n\t\t<img loading=\"lazy\" decoding=\"async\" src=\"https:\/\/scimaniu.ro\/wp-content\/uploads\/2017\/11\/scoala-gimnaziala-iuliu-maniu-laborator-de-biologice.jpg\" width=\"500\" height=\"375\" sizes=\"(max-width: 500px) 100vw, 500px\" title=\"Laborator de biologie\" alt=\"scoala gimnaziala iuliu maniu - laborator de biologice\" \t\tclass=\"so-widget-image\"\/>\n\t<\/div>\n\n<\/div><\/div><div class=\"panel widget widget_sow-image\" id=\"panel-360-0-2-1\"><div\n\t\t\t\n\t\t\tclass=\"so-widget-sow-image so-widget-sow-image-default-a258e6bfa2d8\"\n\t\t\t\n\t\t>\n<h3 class=\"widget-title\">Sal\u0103 de sport<\/h3>\n<div class=\"sow-image-container\">\n\t\t<img loading=\"lazy\" decoding=\"async\" src=\"https:\/\/scimaniu.ro\/wp-content\/uploads\/2017\/11\/scoala-gimnaziala-iuliu-maniu-sala-de-sport.jpg\" width=\"500\" height=\"375\" sizes=\"(max-width: 500px) 100vw, 500px\" title=\"Sal\u0103 de sport\" alt=\"\" \t\tclass=\"so-widget-image\"\/>\n\t<\/div>\n\n<\/div><\/div><div class=\"panel widget widget_sow-image panel-last-child\" id=\"panel-360-0-2-2\"><div\n\t\t\t\n\t\t\tclass=\"so-widget-sow-image so-widget-sow-image-default-a258e6bfa2d8\"\n\t\t\t\n\t\t>\n<h3 class=\"widget-title\">Cabinet stomatologic<\/h3>\n<div class=\"sow-image-container\">\n\t\t<img loading=\"lazy\" decoding=\"async\" src=\"https:\/\/scimaniu.ro\/wp-content\/uploads\/2017\/11\/scoala-gimnaziala-iuliu-maniu-cabinet-stomatologic.jpg\" width=\"500\" height=\"375\" sizes=\"(max-width: 500px) 100vw, 500px\" title=\"Cabinet stomatologic\" alt=\"scoala gimnaziala iuliu maniu - cabinet stomatologic\" \t\tclass=\"so-widget-image\"\/>\n\t<\/div>\n\n<\/div><\/div><\/div><\/div>","protected":false},"excerpt":{"rendered":"<p>S\u0103li de clas\u0103 Biblioteca Laborator de chimie Laborator TIC Sal\u0103 multimedia Sal\u0103 de mese Laborator de biologie Sal\u0103 de sport Cabinet stomatologic<\/p>\n","protected":false},"author":1,"featured_media":0,"parent":0,"menu_order":0,"comment_status":"closed","ping_status":"closed","template":"template-without-sharing.php","meta":{"footnotes":""},"_links":{"self":[{"href":"https:\/\/scimaniu.ro\/index.php\/wp-json\/wp\/v2\/pages\/360"}],"collection":[{"href":"https:\/\/scimaniu.ro\/index.php\/wp-json\/wp\/v2\/pages"}],"about":[{"href":"https:\/\/scimaniu.ro\/index.php\/wp-json\/wp\/v2\/types\/page"}],"author":[{"embeddable":true,"href":"https:\/\/scimaniu.ro\/index.php\/wp-json\/wp\/v2\/users\/1"}],"replies":[{"embeddable":true,"href":"https:\/\/scimaniu.ro\/index.php\/wp-json\/wp\/v2\/comments?post=360"}],"version-history":[{"count":27,"href":"https:\/\/scimaniu.ro\/index.php\/wp-json\/wp\/v2\/pages\/360\/revisions"}],"predecessor-version":[{"id":1768,"href":"https:\/\/scimaniu.ro\/index.php\/wp-json\/wp\/v2\/pages\/360\/revisions\/1768"}],"wp:attachment":[{"href":"https:\/\/scimaniu.ro\/index.php\/wp-json\/wp\/v2\/media?parent=360"}],"curies":[{"name":"wp","href":"https:\/\/api.w.org\/{rel}","templated":true}]}}