{"id":332,"date":"2017-11-09T11:57:00","date_gmt":"2017-11-09T09:57:00","guid":{"rendered":"http:\/\/scimaniu.ro\/?page_id=332"},"modified":"2021-11-01T09:48:16","modified_gmt":"2021-11-01T07:48:16","slug":"didactic-auxiliar-si-nedidactic","status":"publish","type":"page","link":"https:\/\/scimaniu.ro\/index.php\/didactic-auxiliar-si-nedidactic\/","title":{"rendered":"DIDACTIC AUXILIAR SI NEDIDACTIC"},"content":{"rendered":"<div class=\"panel-grid\" id=\"pg-332-0\" ><div class=\"panel-grid-cell\" id=\"pgc-332-0-0\" ><div class=\"panel widget widget_sow-editor panel-first-child panel-last-child\" id=\"panel-332-0-0-0\"><div\n\t\t\t\n\t\t\tclass=\"so-widget-sow-editor so-widget-sow-editor-base\"\n\t\t\t\n\t\t>\n<div class=\"siteorigin-widget-tinymce textwidget\">\n\t<p style=\"text-align: center;\"><strong>PERSONALUL DIDACTIC AUXILIAR AL UNIT\u0102\u0162II<\/strong><\/p>\n<table style=\"height: 190px;\" width=\"1120\">\n<tbody>\n<tr>\n<td width=\"76\"><strong>Nr.Crt.<\/strong><\/td>\n<td width=\"237\"><strong>Numele \u015fi prenumele<\/strong><\/td>\n<td width=\"255\"><strong>Func\u0163ia<\/strong><\/td>\n<\/tr>\n<tr>\n<td width=\"76\">1.<\/td>\n<td width=\"237\">Damian Alina - Ligia<\/td>\n<td width=\"255\">Secretar<\/td>\n<\/tr>\n<tr>\n<td width=\"76\">2.<\/td>\n<td width=\"237\">Pu\u015fca\u015f Rodica<\/td>\n<td width=\"255\">Administrator financiar-Contabil<\/td>\n<\/tr>\n<tr>\n<td width=\"76\">3.<\/td>\n<td width=\"237\">Terec Emilia<\/td>\n<td width=\"255\">Operator date<\/td>\n<\/tr>\n<tr>\n<td width=\"76\">4.<\/td>\n<td width=\"237\">\u00a0Duma Veronica-Paraschiva<\/td>\n<td width=\"255\">Bibliotecar<\/td>\n<\/tr>\n<tr>\n<td width=\"76\">5.<\/td>\n<td width=\"237\">\u00a0Tr\u0103nescu Rodica<\/td>\n<td width=\"255\">Administrator de patrimoniu<\/td>\n<\/tr>\n<\/tbody>\n<\/table>\n<p>\u00a0 \u00a0 <\/p>\n<\/div>\n<\/div><\/div><\/div><\/div><div class=\"panel-grid\" id=\"pg-332-1\" ><div class=\"panel-grid-cell\" id=\"pgc-332-1-0\" ><div class=\"panel widget widget_sow-editor panel-first-child panel-last-child\" id=\"panel-332-1-0-0\"><div\n\t\t\t\n\t\t\tclass=\"so-widget-sow-editor so-widget-sow-editor-base\"\n\t\t\t\n\t\t>\n<div class=\"siteorigin-widget-tinymce textwidget\">\n\t<p style=\"text-align: center;\"><strong>PERSONALUL NEDIDACTIC AL UNIT\u0102\u0162II<\/strong><\/p>\n<table>\n<tbody>\n<tr>\n<td width=\"76\"><strong>Nr.Crt.<\/strong><\/td>\n<td width=\"237\"><strong>Numele \u015fi prenumele<\/strong><\/td>\n<td width=\"255\"><strong>Func\u0163ia<\/strong><\/td>\n<\/tr>\n<tr>\n<td width=\"76\"><\/td>\n<td width=\"237\"><\/td>\n<td width=\"255\"><\/td>\n<\/tr>\n<tr>\n<td width=\"76\"><\/td>\n<td width=\"237\"><\/td>\n<td width=\"255\"><\/td>\n<\/tr>\n<tr>\n<td width=\"76\">1.<\/td>\n<td width=\"237\">Pe\u015ftean Florica<\/td>\n<td width=\"255\">Ingrijitor \u015fcoal\u0103<\/td>\n<\/tr>\n<tr>\n<td width=\"76\">2.<\/td>\n<td width=\"237\">Herle Ana<\/td>\n<td width=\"255\">Ingrijitor \u015fcoal\u0103<\/td>\n<\/tr>\n<tr>\n<td width=\"76\">3.<\/td>\n<td width=\"237\">Lucaci Ioan Emil<\/td>\n<td width=\"255\">Muncitor<\/td>\n<\/tr>\n<\/tbody>\n<\/table>\n<\/div>\n<\/div><\/div><\/div><\/div>","protected":false},"excerpt":{"rendered":"<p>PERSONALUL DIDACTIC AUXILIAR AL UNIT\u0102\u0162II Nr.Crt. Numele \u015fi prenumele Func\u0163ia 1. Damian Alina &#8211; Ligia Secretar 2. Pu\u015fca\u015f Rodica Administrator financiar-Contabil 3. Terec Emilia Operator date 4. \u00a0Duma Veronica-Paraschiva Bibliotecar 5. \u00a0Tr\u0103nescu Rodica Administrator de patrimoniu \u00a0 \u00a0 PERSONALUL NEDIDACTIC&#8230;<br \/><a class=\"read-more-button\" href=\"https:\/\/scimaniu.ro\/index.php\/didactic-auxiliar-si-nedidactic\/\">Read more<\/a><\/p>\n","protected":false},"author":1,"featured_media":0,"parent":0,"menu_order":0,"comment_status":"closed","ping_status":"closed","template":"template-without-sharing.php","meta":{"footnotes":""},"_links":{"self":[{"href":"https:\/\/scimaniu.ro\/index.php\/wp-json\/wp\/v2\/pages\/332"}],"collection":[{"href":"https:\/\/scimaniu.ro\/index.php\/wp-json\/wp\/v2\/pages"}],"about":[{"href":"https:\/\/scimaniu.ro\/index.php\/wp-json\/wp\/v2\/types\/page"}],"author":[{"embeddable":true,"href":"https:\/\/scimaniu.ro\/index.php\/wp-json\/wp\/v2\/users\/1"}],"replies":[{"embeddable":true,"href":"https:\/\/scimaniu.ro\/index.php\/wp-json\/wp\/v2\/comments?post=332"}],"version-history":[{"count":14,"href":"https:\/\/scimaniu.ro\/index.php\/wp-json\/wp\/v2\/pages\/332\/revisions"}],"predecessor-version":[{"id":1316,"href":"https:\/\/scimaniu.ro\/index.php\/wp-json\/wp\/v2\/pages\/332\/revisions\/1316"}],"wp:attachment":[{"href":"https:\/\/scimaniu.ro\/index.php\/wp-json\/wp\/v2\/media?parent=332"}],"curies":[{"name":"wp","href":"https:\/\/api.w.org\/{rel}","templated":true}]}}