{"id":1505,"date":"2024-03-15T11:08:42","date_gmt":"2024-03-15T09:08:42","guid":{"rendered":"http:\/\/scimaniu.ro\/?page_id=1505"},"modified":"2024-03-15T19:28:15","modified_gmt":"2024-03-15T17:28:15","slug":"etwinnig","status":"publish","type":"page","link":"https:\/\/scimaniu.ro\/index.php\/etwinnig\/","title":{"rendered":"eTWinnig"},"content":{"rendered":"\n<p>\u015ecoala modern\u0103 \u0219i elevii de azi au nevoie de metode care se bazeaz\u0103 pe participare interactiv\u0103, social\u0103, pe experimentare de situa\u0163ii de observare a realit\u0103\u0163ii, dar \u015fi pe posibilitatea de a valorifica cele \u00eenv\u0103\u0163ate \u00een via\u0163a de zi cu zi. \u015ecoala trebuie s\u0103 realizeze pun\u021bi de leg\u0103tur\u0103 \u00eentre nevoile educa\u021bionale, resursele \u0219i dezvoltarea societ\u0103\u021bii, s\u0103 se afle \u00een dialog autentic \u015fi permanent cu societatea.<\/p>\n\n\n\n<p>Deschiderea spre nou se realizeaz\u0103 datorit\u0103 cadrelor didactice preg\u0103tite, <a><\/a>care intervin \u00een favoarea acestei dezvolt\u0103ri continue a \u0219colii. \u00cen acest sens, \u00een \u0219coala noastr\u0103 se desf\u0103\u0219oar\u0103 mai multe proiecte eTwinning, \u00een care sunt implica\u021bi elevii din ciclul primar \u0219i gimnazial.<\/p>\n\n\n\n<p>Participarea la proiectele eTwinning ne dezv\u0103luie valoarea \u0219i bog\u0103\u021bia culturii europene, \u201ddeschid mintea\u201d elevilor \u0219i ofer\u0103 posibilitatea de a \u00eembun\u0103t\u0103\u0163it nivelul de cuno\u015ftin\u0163e de limbi str\u0103ine \u015fi competen\u0163ele TIC, \u0219i-au f\u0103cut prieteni noi \u015fi au aflat multe informa\u0163ii despre \u0163\u0103rile partenere.<\/p>\n\n\n\n<figure class=\"wp-block-image size-full\"><img loading=\"lazy\" decoding=\"async\" width=\"960\" height=\"720\" src=\"http:\/\/scimaniu.ro\/wp-content\/uploads\/2024\/03\/PROIECTE-INTERNATIONALE1.jpg\" alt=\"\" class=\"wp-image-1579\" srcset=\"https:\/\/scimaniu.ro\/wp-content\/uploads\/2024\/03\/PROIECTE-INTERNATIONALE1.jpg 960w, https:\/\/scimaniu.ro\/wp-content\/uploads\/2024\/03\/PROIECTE-INTERNATIONALE1-300x225.jpg 300w, https:\/\/scimaniu.ro\/wp-content\/uploads\/2024\/03\/PROIECTE-INTERNATIONALE1-768x576.jpg 768w, https:\/\/scimaniu.ro\/wp-content\/uploads\/2024\/03\/PROIECTE-INTERNATIONALE1-175x130.jpg 175w, https:\/\/scimaniu.ro\/wp-content\/uploads\/2024\/03\/PROIECTE-INTERNATIONALE1-800x600.jpg 800w\" sizes=\"(max-width: 960px) 100vw, 960px\" \/><\/figure>\n\n\n\n<figure class=\"wp-block-image size-full is-resized\"><img loading=\"lazy\" decoding=\"async\" width=\"960\" height=\"720\" src=\"http:\/\/scimaniu.ro\/wp-content\/uploads\/2024\/03\/PROIECTE-INTERNATIONALE.jpg\" alt=\"\" class=\"wp-image-1578\" style=\"width:840px;height:auto\" srcset=\"https:\/\/scimaniu.ro\/wp-content\/uploads\/2024\/03\/PROIECTE-INTERNATIONALE.jpg 960w, https:\/\/scimaniu.ro\/wp-content\/uploads\/2024\/03\/PROIECTE-INTERNATIONALE-300x225.jpg 300w, https:\/\/scimaniu.ro\/wp-content\/uploads\/2024\/03\/PROIECTE-INTERNATIONALE-768x576.jpg 768w, https:\/\/scimaniu.ro\/wp-content\/uploads\/2024\/03\/PROIECTE-INTERNATIONALE-175x130.jpg 175w, https:\/\/scimaniu.ro\/wp-content\/uploads\/2024\/03\/PROIECTE-INTERNATIONALE-800x600.jpg 800w\" sizes=\"(max-width: 960px) 100vw, 960px\" \/><\/figure>\n\n\n\n<figure class=\"wp-block-image size-full\"><img loading=\"lazy\" decoding=\"async\" width=\"960\" height=\"720\" src=\"http:\/\/scimaniu.ro\/wp-content\/uploads\/2024\/03\/PROIECTE-INTERNATIONALE3.jpg\" alt=\"\" class=\"wp-image-1581\" srcset=\"https:\/\/scimaniu.ro\/wp-content\/uploads\/2024\/03\/PROIECTE-INTERNATIONALE3.jpg 960w, https:\/\/scimaniu.ro\/wp-content\/uploads\/2024\/03\/PROIECTE-INTERNATIONALE3-300x225.jpg 300w, https:\/\/scimaniu.ro\/wp-content\/uploads\/2024\/03\/PROIECTE-INTERNATIONALE3-768x576.jpg 768w, https:\/\/scimaniu.ro\/wp-content\/uploads\/2024\/03\/PROIECTE-INTERNATIONALE3-175x130.jpg 175w, https:\/\/scimaniu.ro\/wp-content\/uploads\/2024\/03\/PROIECTE-INTERNATIONALE3-800x600.jpg 800w\" sizes=\"(max-width: 960px) 100vw, 960px\" \/><\/figure>\n\n\n\n<figure class=\"wp-block-image size-full is-resized\"><img loading=\"lazy\" decoding=\"async\" width=\"960\" height=\"720\" src=\"http:\/\/scimaniu.ro\/wp-content\/uploads\/2024\/03\/PROIECTE-INTERNATIONALE4.jpg\" alt=\"\" class=\"wp-image-1582\" style=\"width:840px;height:auto\" srcset=\"https:\/\/scimaniu.ro\/wp-content\/uploads\/2024\/03\/PROIECTE-INTERNATIONALE4.jpg 960w, https:\/\/scimaniu.ro\/wp-content\/uploads\/2024\/03\/PROIECTE-INTERNATIONALE4-300x225.jpg 300w, https:\/\/scimaniu.ro\/wp-content\/uploads\/2024\/03\/PROIECTE-INTERNATIONALE4-768x576.jpg 768w, https:\/\/scimaniu.ro\/wp-content\/uploads\/2024\/03\/PROIECTE-INTERNATIONALE4-175x130.jpg 175w, https:\/\/scimaniu.ro\/wp-content\/uploads\/2024\/03\/PROIECTE-INTERNATIONALE4-800x600.jpg 800w\" sizes=\"(max-width: 960px) 100vw, 960px\" \/><\/figure>\n\n\n\n<figure class=\"wp-block-image size-full\"><img loading=\"lazy\" decoding=\"async\" width=\"960\" height=\"720\" src=\"http:\/\/scimaniu.ro\/wp-content\/uploads\/2024\/03\/PROIECTE-INTERNATIONALE2.jpg\" alt=\"\" class=\"wp-image-1580\" srcset=\"https:\/\/scimaniu.ro\/wp-content\/uploads\/2024\/03\/PROIECTE-INTERNATIONALE2.jpg 960w, https:\/\/scimaniu.ro\/wp-content\/uploads\/2024\/03\/PROIECTE-INTERNATIONALE2-300x225.jpg 300w, https:\/\/scimaniu.ro\/wp-content\/uploads\/2024\/03\/PROIECTE-INTERNATIONALE2-768x576.jpg 768w, https:\/\/scimaniu.ro\/wp-content\/uploads\/2024\/03\/PROIECTE-INTERNATIONALE2-175x130.jpg 175w, https:\/\/scimaniu.ro\/wp-content\/uploads\/2024\/03\/PROIECTE-INTERNATIONALE2-800x600.jpg 800w\" sizes=\"(max-width: 960px) 100vw, 960px\" \/><\/figure>\n\n\n\n<figure class=\"wp-block-image size-full\"><img loading=\"lazy\" decoding=\"async\" width=\"960\" height=\"720\" src=\"http:\/\/scimaniu.ro\/wp-content\/uploads\/2024\/03\/PROIECTE-INTERNATIONALE5.jpg\" alt=\"\" class=\"wp-image-1583\" srcset=\"https:\/\/scimaniu.ro\/wp-content\/uploads\/2024\/03\/PROIECTE-INTERNATIONALE5.jpg 960w, https:\/\/scimaniu.ro\/wp-content\/uploads\/2024\/03\/PROIECTE-INTERNATIONALE5-300x225.jpg 300w, https:\/\/scimaniu.ro\/wp-content\/uploads\/2024\/03\/PROIECTE-INTERNATIONALE5-768x576.jpg 768w, https:\/\/scimaniu.ro\/wp-content\/uploads\/2024\/03\/PROIECTE-INTERNATIONALE5-175x130.jpg 175w, https:\/\/scimaniu.ro\/wp-content\/uploads\/2024\/03\/PROIECTE-INTERNATIONALE5-800x600.jpg 800w\" sizes=\"(max-width: 960px) 100vw, 960px\" \/><\/figure>\n\n\n\n<figure class=\"wp-block-image size-large\"><img loading=\"lazy\" decoding=\"async\" width=\"1024\" height=\"576\" src=\"http:\/\/scimaniu.ro\/wp-content\/uploads\/2024\/03\/CALENDAR-IANUARIE-1024x576.jpg\" alt=\"\" class=\"wp-image-1585\" srcset=\"https:\/\/scimaniu.ro\/wp-content\/uploads\/2024\/03\/CALENDAR-IANUARIE-1024x576.jpg 1024w, https:\/\/scimaniu.ro\/wp-content\/uploads\/2024\/03\/CALENDAR-IANUARIE-300x169.jpg 300w, https:\/\/scimaniu.ro\/wp-content\/uploads\/2024\/03\/CALENDAR-IANUARIE-768x432.jpg 768w, https:\/\/scimaniu.ro\/wp-content\/uploads\/2024\/03\/CALENDAR-IANUARIE-1536x864.jpg 1536w, https:\/\/scimaniu.ro\/wp-content\/uploads\/2024\/03\/CALENDAR-IANUARIE-1170x658.jpg 1170w, https:\/\/scimaniu.ro\/wp-content\/uploads\/2024\/03\/CALENDAR-IANUARIE.jpg 1920w\" sizes=\"(max-width: 1024px) 100vw, 1024px\" \/><\/figure>\n\n\n\n<figure class=\"wp-block-image size-large\"><img loading=\"lazy\" decoding=\"async\" width=\"724\" height=\"1024\" src=\"http:\/\/scimaniu.ro\/wp-content\/uploads\/2024\/03\/MY-PLAY-IS-A-BOOK-OK-3-724x1024.jpg\" alt=\"\" class=\"wp-image-1587\" srcset=\"https:\/\/scimaniu.ro\/wp-content\/uploads\/2024\/03\/MY-PLAY-IS-A-BOOK-OK-3-724x1024.jpg 724w, https:\/\/scimaniu.ro\/wp-content\/uploads\/2024\/03\/MY-PLAY-IS-A-BOOK-OK-3-212x300.jpg 212w, https:\/\/scimaniu.ro\/wp-content\/uploads\/2024\/03\/MY-PLAY-IS-A-BOOK-OK-3-768x1086.jpg 768w, https:\/\/scimaniu.ro\/wp-content\/uploads\/2024\/03\/MY-PLAY-IS-A-BOOK-OK-3-1086x1536.jpg 1086w, https:\/\/scimaniu.ro\/wp-content\/uploads\/2024\/03\/MY-PLAY-IS-A-BOOK-OK-3-1448x2048.jpg 1448w, https:\/\/scimaniu.ro\/wp-content\/uploads\/2024\/03\/MY-PLAY-IS-A-BOOK-OK-3-1170x1655.jpg 1170w, https:\/\/scimaniu.ro\/wp-content\/uploads\/2024\/03\/MY-PLAY-IS-A-BOOK-OK-3.jpg 1587w\" sizes=\"(max-width: 724px) 100vw, 724px\" \/><\/figure>\n","protected":false},"excerpt":{"rendered":"<p>\u015ecoala modern\u0103 \u0219i elevii de azi au nevoie de metode care se bazeaz\u0103 pe participare interactiv\u0103, social\u0103, pe experimentare de situa\u0163ii de observare a realit\u0103\u0163ii, dar \u015fi pe posibilitatea de a valorifica cele \u00eenv\u0103\u0163ate \u00een via\u0163a de zi cu zi&#8230;.<br \/><a class=\"read-more-button\" href=\"https:\/\/scimaniu.ro\/index.php\/etwinnig\/\">Read more<\/a><\/p>\n","protected":false},"author":1,"featured_media":0,"parent":0,"menu_order":0,"comment_status":"closed","ping_status":"closed","template":"","meta":{"footnotes":""},"_links":{"self":[{"href":"https:\/\/scimaniu.ro\/index.php\/wp-json\/wp\/v2\/pages\/1505"}],"collection":[{"href":"https:\/\/scimaniu.ro\/index.php\/wp-json\/wp\/v2\/pages"}],"about":[{"href":"https:\/\/scimaniu.ro\/index.php\/wp-json\/wp\/v2\/types\/page"}],"author":[{"embeddable":true,"href":"https:\/\/scimaniu.ro\/index.php\/wp-json\/wp\/v2\/users\/1"}],"replies":[{"embeddable":true,"href":"https:\/\/scimaniu.ro\/index.php\/wp-json\/wp\/v2\/comments?post=1505"}],"version-history":[{"count":3,"href":"https:\/\/scimaniu.ro\/index.php\/wp-json\/wp\/v2\/pages\/1505\/revisions"}],"predecessor-version":[{"id":1588,"href":"https:\/\/scimaniu.ro\/index.php\/wp-json\/wp\/v2\/pages\/1505\/revisions\/1588"}],"wp:attachment":[{"href":"https:\/\/scimaniu.ro\/index.php\/wp-json\/wp\/v2\/media?parent=1505"}],"curies":[{"name":"wp","href":"https:\/\/api.w.org\/{rel}","templated":true}]}}