{"id":130,"date":"2017-11-06T14:45:04","date_gmt":"2017-11-06T12:45:04","guid":{"rendered":"http:\/\/scimaniu.ro\/?page_id=130"},"modified":"2026-03-12T10:45:09","modified_gmt":"2026-03-12T08:45:09","slug":"olimpiade","status":"publish","type":"page","link":"https:\/\/scimaniu.ro\/index.php\/olimpiade\/","title":{"rendered":"CLASA PREG\u0102TITOARE"},"content":{"rendered":"<p>\u00ceNSCRIERI \u00ceN CLASA PREG\u0102TITOARE- AN \u0218COLAR 2026-2027<\/p>\n<p><a href=\"https:\/\/www.isjsalaj.ro\/invatamant_primar\/index.php?opcio=metodologie\">https:\/\/www.isjsalaj.ro\/invatamant_primar\/index.php?opcio=circumscriptii<\/a><\/p>\n<p><a href=\"https:\/\/www.isjsalaj.ro\/invatamant_primar\/index.php?opcio=metodologie\">https:\/\/www.isjsalaj.ro\/invatamant_primar\/index.php?opcio=metodologie<\/a><\/p>\n<p><a href=\"https:\/\/www.isjsalaj.ro\/invatamant_primar\/index.php?opcio=calendar\">https:\/\/www.isjsalaj.ro\/invatamant_primar\/index.php?opcio=calendar<\/a><\/p>\n<p><a href=\"https:\/\/www.isjsalaj.ro\/invatamant_primar\/index.php?opcio=informatii_parinti\">https:\/\/www.isjsalaj.ro\/invatamant_primar\/index.php?opcio=informatii_parinti<\/a><\/p>\n<p>\u00a0<\/p>\n<p><!--more--><\/p>\n<p><br \/><!--more--><!--more--><\/p>\n<p>\u00a0<\/p>\n<p><!--more--><\/p>\n<p><!--more--><\/p>\n<p>\u00a0<\/p>\n<p><!--more--><\/p>\n\n\n<div class=\"wp-block-media-text is-stacked-on-mobile\"><figure class=\"wp-block-media-text__media\"><\/figure><div class=\"wp-block-media-text__content\">\n<p><\/p>\n\n\n\n<div class=\"wp-block-file\"><a href=\"blob:https:\/\/scimaniu.ro\/b659266d-57d8-4bce-a19e-c8d8a302d512\" class=\"wp-block-file__button wp-element-button\" download>Download<\/a><\/div>\n<\/div><\/div>\n","protected":false},"excerpt":{"rendered":"<p>\u00ceNSCRIERI \u00ceN CLASA PREG\u0102TITOARE- AN \u0218COLAR 2026-2027 https:\/\/www.isjsalaj.ro\/invatamant_primar\/index.php?opcio=circumscriptii https:\/\/www.isjsalaj.ro\/invatamant_primar\/index.php?opcio=metodologie https:\/\/www.isjsalaj.ro\/invatamant_primar\/index.php?opcio=calendar https:\/\/www.isjsalaj.ro\/invatamant_primar\/index.php?opcio=informatii_parinti \u00a0<\/p>\n","protected":false},"author":1,"featured_media":0,"parent":0,"menu_order":0,"comment_status":"closed","ping_status":"closed","template":"template-without-sharing.php","meta":{"footnotes":""},"_links":{"self":[{"href":"https:\/\/scimaniu.ro\/index.php\/wp-json\/wp\/v2\/pages\/130"}],"collection":[{"href":"https:\/\/scimaniu.ro\/index.php\/wp-json\/wp\/v2\/pages"}],"about":[{"href":"https:\/\/scimaniu.ro\/index.php\/wp-json\/wp\/v2\/types\/page"}],"author":[{"embeddable":true,"href":"https:\/\/scimaniu.ro\/index.php\/wp-json\/wp\/v2\/users\/1"}],"replies":[{"embeddable":true,"href":"https:\/\/scimaniu.ro\/index.php\/wp-json\/wp\/v2\/comments?post=130"}],"version-history":[{"count":62,"href":"https:\/\/scimaniu.ro\/index.php\/wp-json\/wp\/v2\/pages\/130\/revisions"}],"predecessor-version":[{"id":1870,"href":"https:\/\/scimaniu.ro\/index.php\/wp-json\/wp\/v2\/pages\/130\/revisions\/1870"}],"wp:attachment":[{"href":"https:\/\/scimaniu.ro\/index.php\/wp-json\/wp\/v2\/media?parent=130"}],"curies":[{"name":"wp","href":"https:\/\/api.w.org\/{rel}","templated":true}]}}